{"id":16,"date":"2017-11-03T19:27:31","date_gmt":"2017-11-03T18:27:31","guid":{"rendered":"http:\/\/polemiki.home.amu.edu.pl\/?page_id=16"},"modified":"2021-09-09T09:30:52","modified_gmt":"2021-09-09T07:30:52","slug":"c","status":"publish","type":"page","link":"http:\/\/polemiki.amu.edu.pl\/","title":{"rendered":"Informacje"},"content":{"rendered":"<h1 style=\"text-align: center;\">Polemika (krytyczno)literacka w Polsce<br \/>\n&#8211; mi\u0119dzy studium przypadku a histori\u0105<br \/>\nliteratury. Edycje krytyczne<\/h1>\n<p style=\"text-align: center;\">Projekt badawczy realizowany na\u00a0Wydziale Filologii Polskiej i\u00a0Klasycznej<br \/>\nUniwersytetu im.\u00a0Adama Mickiewicza w\u00a0Poznaniu,<br \/>\nfinansowany ze \u015brodk\u00f3w bud\u017cetu\u00a0pa\u0144stwa<br \/>\nw ramach konkursu\u00a0\u201eDziedzictwo narodowe\u201d<br \/>\nNarodowego Programu Rozwoju Humanistyki<br \/>\n\u2013 11H 16 013184\u00a0\u2013\u00a0w wysoko\u015bci 1 009 213 z\u0142.<\/p>\n<p style=\"text-align: center;\">Kierownik projektu: prof. dr hab. Agata Stankowska<\/p>\n<p style=\"text-align: center;\">Redakcja naukowa serii<br \/>\nWydawnictwa Pozna\u0144skiego Towarzystwa Przyjaci\u00f3\u0142 Nauk<br \/>\n\u201ePolemika Krytycznoliteracka w Polsce\u201d: dr hab. Sylwia Panek<\/p>\n","protected":false},"excerpt":{"rendered":"<p>Polemika (krytyczno)literacka w Polsce &#8211; mi\u0119dzy studium przypadku a histori\u0105 literatury. Edycje krytyczne Projekt badawczy realizowany na\u00a0Wydziale Filologii Polskiej i\u00a0Klasycznej Uniwersytetu im.\u00a0Adama Mickiewicza w\u00a0Poznaniu, finansowany ze \u015brodk\u00f3w bud\u017cetu\u00a0pa\u0144stwa w ramach konkursu\u00a0\u201eDziedzictwo narodowe\u201d Narodowego Programu Rozwoju Humanistyki \u2013 11H 16 013184\u00a0\u2013\u00a0w &hellip; <a href=\"http:\/\/polemiki.amu.edu.pl\/\">Czytaj dalej <span class=\"meta-nav\">&rarr;<\/span><\/a><\/p>\n","protected":false},"author":1,"featured_media":0,"parent":0,"menu_order":0,"comment_status":"closed","ping_status":"open","template":"","meta":[],"_links":{"self":[{"href":"http:\/\/polemiki.amu.edu.pl\/index.php?rest_route=\/wp\/v2\/pages\/16"}],"collection":[{"href":"http:\/\/polemiki.amu.edu.pl\/index.php?rest_route=\/wp\/v2\/pages"}],"about":[{"href":"http:\/\/polemiki.amu.edu.pl\/index.php?rest_route=\/wp\/v2\/types\/page"}],"author":[{"embeddable":true,"href":"http:\/\/polemiki.amu.edu.pl\/index.php?rest_route=\/wp\/v2\/users\/1"}],"replies":[{"embeddable":true,"href":"http:\/\/polemiki.amu.edu.pl\/index.php?rest_route=%2Fwp%2Fv2%2Fcomments&post=16"}],"version-history":[{"count":23,"href":"http:\/\/polemiki.amu.edu.pl\/index.php?rest_route=\/wp\/v2\/pages\/16\/revisions"}],"predecessor-version":[{"id":807,"href":"http:\/\/polemiki.amu.edu.pl\/index.php?rest_route=\/wp\/v2\/pages\/16\/revisions\/807"}],"wp:attachment":[{"href":"http:\/\/polemiki.amu.edu.pl\/index.php?rest_route=%2Fwp%2Fv2%2Fmedia&parent=16"}],"curies":[{"name":"wp","href":"https:\/\/api.w.org\/{rel}","templated":true}]}}