{"id":43,"date":"2017-11-03T19:37:15","date_gmt":"2017-11-03T18:37:15","guid":{"rendered":"http:\/\/polemiki.home.amu.edu.pl\/?page_id=43"},"modified":"2024-11-14T09:29:39","modified_gmt":"2024-11-14T08:29:39","slug":"informacje-dla-autorow","status":"publish","type":"page","link":"http:\/\/polemiki.amu.edu.pl\/?page_id=43","title":{"rendered":"Dla autor\u00f3w"},"content":{"rendered":"<p><a href=\"http:\/\/polemiki.amu.edu.pl\/wp-content\/uploads\/2018\/02\/Harmonogram-aktualizacja-luty-2018.doc\">Harmonogram<\/a><\/p>\n<p><a href=\"http:\/\/polemiki.home.amu.edu.pl\/wp-content\/uploads\/2018\/10\/Wskaz\u00f3wki-edytorskie-PK.docx\">Wskaz\u00f3wki edytorskie i wymogi redakcyjne<\/a><\/p>\n<p>Wzorcowe noty edytorskie:<\/p>\n<p style=\"padding-left: 30px;\"><a href=\"http:\/\/polemiki.home.amu.edu.pl\/wp-content\/uploads\/2018\/10\/Nota_PK_Budrewicz.pdf\">T. Budrewicz, <em>Spory wok\u00f3\u0142 &#8222;Romantyzmu i jego skutk\u00f3w&#8221;&nbsp;<\/em><\/a><br \/>\n<a href=\"http:\/\/polemiki.home.amu.edu.pl\/wp-content\/uploads\/2018\/10\/Nota_PK_Budrewicz.pdf\"><em>Franciszka Krupi\u0144skiego<\/em>, s. 55-59.<\/a><\/p>\n<p style=\"padding-left: 30px;\"><a href=\"http:\/\/polemiki.home.amu.edu.pl\/wp-content\/uploads\/2018\/10\/Nota_PK_Krupa.pdf\">B. Krupa, Sp\u00f3r o Borowskiego, s. 103-106.<\/a><\/p>\n<p style=\"padding-left: 30px;\"><a href=\"http:\/\/polemiki.home.amu.edu.pl\/wp-content\/uploads\/2018\/10\/Nota_Mochnacki-edited.pdf\">Maurycy Mochnacki<em>, Pisma krytyczne i polityczne<\/em>, t. 1, <\/a><br \/>\n<a href=\"http:\/\/polemiki.home.amu.edu.pl\/wp-content\/uploads\/2018\/10\/Nota_Mochnacki-edited.pdf\">wst\u0119p Z. Przychodniak, wyb. i oprac. J. Kubiak, E. Nowicka,<br \/>\nZ. Przychodniak, Universitas, Krak\u00f3w 1996, s. 40-41.<\/a><\/p>\n","protected":false},"excerpt":{"rendered":"<p>Harmonogram Wskaz\u00f3wki edytorskie i wymogi redakcyjne Wzorcowe noty edytorskie: T. Budrewicz, Spory wok\u00f3\u0142 &#8222;Romantyzmu i jego skutk\u00f3w&#8221;&nbsp; Franciszka Krupi\u0144skiego, s. 55-59. B. Krupa, Sp\u00f3r o Borowskiego, s. 103-106. Maurycy Mochnacki, Pisma krytyczne i polityczne, t. 1, wst\u0119p Z. Przychodniak, wyb. &hellip; <a href=\"http:\/\/polemiki.amu.edu.pl\/?page_id=43\">Czytaj dalej <span class=\"meta-nav\">&rarr;<\/span><\/a><\/p>\n","protected":false},"author":1,"featured_media":0,"parent":0,"menu_order":5,"comment_status":"closed","ping_status":"closed","template":"","meta":[],"_links":{"self":[{"href":"http:\/\/polemiki.amu.edu.pl\/index.php?rest_route=\/wp\/v2\/pages\/43"}],"collection":[{"href":"http:\/\/polemiki.amu.edu.pl\/index.php?rest_route=\/wp\/v2\/pages"}],"about":[{"href":"http:\/\/polemiki.amu.edu.pl\/index.php?rest_route=\/wp\/v2\/types\/page"}],"author":[{"embeddable":true,"href":"http:\/\/polemiki.amu.edu.pl\/index.php?rest_route=\/wp\/v2\/users\/1"}],"replies":[{"embeddable":true,"href":"http:\/\/polemiki.amu.edu.pl\/index.php?rest_route=%2Fwp%2Fv2%2Fcomments&post=43"}],"version-history":[{"count":15,"href":"http:\/\/polemiki.amu.edu.pl\/index.php?rest_route=\/wp\/v2\/pages\/43\/revisions"}],"predecessor-version":[{"id":993,"href":"http:\/\/polemiki.amu.edu.pl\/index.php?rest_route=\/wp\/v2\/pages\/43\/revisions\/993"}],"wp:attachment":[{"href":"http:\/\/polemiki.amu.edu.pl\/index.php?rest_route=%2Fwp%2Fv2%2Fmedia&parent=43"}],"curies":[{"name":"wp","href":"https:\/\/api.w.org\/{rel}","templated":true}]}}